{"id":8140,"date":"2020-09-24T12:12:18","date_gmt":"2020-09-24T10:12:18","guid":{"rendered":"https:\/\/www.humbleton.com\/exempelsida\/"},"modified":"2024-07-11T09:51:14","modified_gmt":"2024-07-11T07:51:14","slug":"frontpage","status":"publish","type":"page","link":"https:\/\/www.humbleton.com\/en\/","title":{"rendered":"Startsida"},"content":{"rendered":"","protected":false},"excerpt":{"rendered":"","protected":false},"author":2,"featured_media":0,"parent":0,"menu_order":0,"comment_status":"closed","ping_status":"open","template":"frontpage.php","meta":{"_acf_changed":false,"inline_featured_image":false,"footnotes":""},"acf":[],"yoast_head":"<!-- This site is optimized with the Yoast SEO plugin v23.0 - https:\/\/yoast.com\/wordpress\/plugins\/seo\/ -->\n<title>Padelkl\u00e4der med fokus p\u00e5 stil och funktion | Humbleton.com<\/title>\n<meta name=\"description\" content=\"Padelkl\u00e4der som alltid erbjuder genomt\u00e4nkt design &amp; effektiva funktioner f\u00f6r padelspelare p\u00e5 alla niv\u00e5er. Snabba leveranser i hela EU.\" \/>\n<meta name=\"robots\" content=\"index, follow, max-snippet:-1, max-image-preview:large, max-video-preview:-1\" \/>\n<link rel=\"canonical\" href=\"https:\/\/www.humbleton.com\/en\/\" \/>\n<meta property=\"og:locale\" content=\"en_US\" \/>\n<meta property=\"og:type\" content=\"article\" \/>\n<meta property=\"og:title\" content=\"Padelkl\u00e4der med fokus p\u00e5 stil och funktion | Humbleton.com\" \/>\n<meta property=\"og:description\" content=\"Padelkl\u00e4der som alltid erbjuder genomt\u00e4nkt design &amp; effektiva funktioner f\u00f6r padelspelare p\u00e5 alla niv\u00e5er. Snabba leveranser i hela EU.\" \/>\n<meta property=\"og:url\" content=\"https:\/\/www.humbleton.com\/en\/\" \/>\n<meta property=\"og:site_name\" content=\"Humbleton\" \/>\n<meta property=\"article:modified_time\" content=\"2024-07-11T07:51:14+00:00\" \/>\n<meta name=\"twitter:card\" content=\"summary_large_image\" \/>\n<script type=\"application\/ld+json\" class=\"yoast-schema-graph\">{\"@context\":\"https:\/\/schema.org\",\"@graph\":[{\"@type\":\"WebPage\",\"@id\":\"https:\/\/www.humbleton.com\/en\/\",\"url\":\"https:\/\/www.humbleton.com\/en\/\",\"name\":\"Padelkl\u00e4der med fokus p\u00e5 stil och funktion | Humbleton.com\",\"isPartOf\":{\"@id\":\"https:\/\/www.humbleton.com\/en\/#website\"},\"datePublished\":\"2020-09-24T10:12:18+00:00\",\"dateModified\":\"2024-07-11T07:51:14+00:00\",\"description\":\"Padelkl\u00e4der som alltid erbjuder genomt\u00e4nkt design & effektiva funktioner f\u00f6r padelspelare p\u00e5 alla niv\u00e5er. Snabba leveranser i hela EU.\",\"breadcrumb\":{\"@id\":\"https:\/\/www.humbleton.com\/en\/#breadcrumb\"},\"inLanguage\":\"en-US\",\"potentialAction\":[{\"@type\":\"ReadAction\",\"target\":[\"https:\/\/www.humbleton.com\/en\/\"]}]},{\"@type\":\"BreadcrumbList\",\"@id\":\"https:\/\/www.humbleton.com\/en\/#breadcrumb\",\"itemListElement\":[{\"@type\":\"ListItem\",\"position\":1,\"name\":\"Hem\",\"item\":\"https:\/\/www.humbleton.com\/en\/\"},{\"@type\":\"ListItem\",\"position\":2,\"name\":\"Startsida\"}]},{\"@type\":\"WebSite\",\"@id\":\"https:\/\/www.humbleton.com\/en\/#website\",\"url\":\"https:\/\/www.humbleton.com\/en\/\",\"name\":\"Humbleton\",\"description\":\"Humbleton, Performance &amp; Activewear\",\"potentialAction\":[{\"@type\":\"SearchAction\",\"target\":{\"@type\":\"EntryPoint\",\"urlTemplate\":\"https:\/\/www.humbleton.com\/en\/?s={search_term_string}\"},\"query-input\":\"required name=search_term_string\"}],\"inLanguage\":\"en-US\"}]}<\/script>\n<!-- \/ Yoast SEO plugin. -->","yoast_head_json":{"title":"Padelkl\u00e4der med fokus p\u00e5 stil och funktion | Humbleton.com","description":"Padelkl\u00e4der som alltid erbjuder genomt\u00e4nkt design & effektiva funktioner f\u00f6r padelspelare p\u00e5 alla niv\u00e5er. Snabba leveranser i hela EU.","robots":{"index":"index","follow":"follow","max-snippet":"max-snippet:-1","max-image-preview":"max-image-preview:large","max-video-preview":"max-video-preview:-1"},"canonical":"https:\/\/www.humbleton.com\/en\/","og_locale":"en_US","og_type":"article","og_title":"Padelkl\u00e4der med fokus p\u00e5 stil och funktion | Humbleton.com","og_description":"Padelkl\u00e4der som alltid erbjuder genomt\u00e4nkt design & effektiva funktioner f\u00f6r padelspelare p\u00e5 alla niv\u00e5er. Snabba leveranser i hela EU.","og_url":"https:\/\/www.humbleton.com\/en\/","og_site_name":"Humbleton","article_modified_time":"2024-07-11T07:51:14+00:00","twitter_card":"summary_large_image","schema":{"@context":"https:\/\/schema.org","@graph":[{"@type":"WebPage","@id":"https:\/\/www.humbleton.com\/en\/","url":"https:\/\/www.humbleton.com\/en\/","name":"Padelkl\u00e4der med fokus p\u00e5 stil och funktion | Humbleton.com","isPartOf":{"@id":"https:\/\/www.humbleton.com\/en\/#website"},"datePublished":"2020-09-24T10:12:18+00:00","dateModified":"2024-07-11T07:51:14+00:00","description":"Padelkl\u00e4der som alltid erbjuder genomt\u00e4nkt design & effektiva funktioner f\u00f6r padelspelare p\u00e5 alla niv\u00e5er. Snabba leveranser i hela EU.","breadcrumb":{"@id":"https:\/\/www.humbleton.com\/en\/#breadcrumb"},"inLanguage":"en-US","potentialAction":[{"@type":"ReadAction","target":["https:\/\/www.humbleton.com\/en\/"]}]},{"@type":"BreadcrumbList","@id":"https:\/\/www.humbleton.com\/en\/#breadcrumb","itemListElement":[{"@type":"ListItem","position":1,"name":"Hem","item":"https:\/\/www.humbleton.com\/en\/"},{"@type":"ListItem","position":2,"name":"Startsida"}]},{"@type":"WebSite","@id":"https:\/\/www.humbleton.com\/en\/#website","url":"https:\/\/www.humbleton.com\/en\/","name":"Humbleton","description":"Humbleton, Performance &amp; Activewear","potentialAction":[{"@type":"SearchAction","target":{"@type":"EntryPoint","urlTemplate":"https:\/\/www.humbleton.com\/en\/?s={search_term_string}"},"query-input":"required name=search_term_string"}],"inLanguage":"en-US"}]}},"_links":{"self":[{"href":"https:\/\/www.humbleton.com\/en\/wp-json\/wp\/v2\/pages\/8140"}],"collection":[{"href":"https:\/\/www.humbleton.com\/en\/wp-json\/wp\/v2\/pages"}],"about":[{"href":"https:\/\/www.humbleton.com\/en\/wp-json\/wp\/v2\/types\/page"}],"author":[{"embeddable":true,"href":"https:\/\/www.humbleton.com\/en\/wp-json\/wp\/v2\/users\/2"}],"replies":[{"embeddable":true,"href":"https:\/\/www.humbleton.com\/en\/wp-json\/wp\/v2\/comments?post=8140"}],"version-history":[{"count":22,"href":"https:\/\/www.humbleton.com\/en\/wp-json\/wp\/v2\/pages\/8140\/revisions"}],"predecessor-version":[{"id":14128,"href":"https:\/\/www.humbleton.com\/en\/wp-json\/wp\/v2\/pages\/8140\/revisions\/14128"}],"wp:attachment":[{"href":"https:\/\/www.humbleton.com\/en\/wp-json\/wp\/v2\/media?parent=8140"}],"curies":[{"name":"wp","href":"https:\/\/api.w.org\/{rel}","templated":true}]}}