{"id":8366,"date":"2021-12-17T21:50:01","date_gmt":"2022-08-24T11:26:54","guid":{"rendered":"https:\/\/www.humbleton.com\/produkt\/pista-polo-white\/"},"modified":"2025-07-21T22:03:28","modified_gmt":"2025-07-21T20:03:28","slug":"pista-polo-vit-2","status":"publish","type":"product","link":"https:\/\/www.humbleton.com\/en\/produkt\/pista-polo-vit-2\/","title":{"rendered":"Pista Polo, white"},"content":{"rendered":"<h3>Product benefits<\/h3>\n<ul>\n<li>Black collar with 3 white buttons with pressed logos. Black cuffs.<\/li>\n<li><a href=\"#popup=quick-dry-px-jersey\"><em>Quick Dry PX Jersey<\/em><\/a> is an advanced sweat-absorbing, anti-static lightweight fabric with stretch.<\/li>\n<\/ul>\n<h3>Information<\/h3>\n<ul>\n<li>100% polyester<\/li>\n<li>Machine washing<\/li>\n<li>Designed in Sweden, produced in Turkey<\/li>\n<\/ul>\n","protected":false},"excerpt":{"rendered":"<p>A well-made padel pique in our quick-drying performance fabric. In a classic pique, you&#8217;ll feel like a winner on the course, next to it and on the way there. Classic look with bold details.<\/p>\n<ul>\n<li>Ribbed collar and cuffs in contrasting colour<\/li>\n<li>Slits for increased comfort<\/li>\n<li>Fabric: <a href=\"#popup=quick-dry-px-jersey\">Quickdry PX Jersey<\/a><\/li>\n<\/ul>\n","protected":false},"featured_media":10245,"template":"","meta":{"_acf_changed":false,"inline_featured_image":false},"product_cat":[202,220],"product_tag":[],"acf":[],"yoast_head":"<!-- This site is optimized with the Yoast SEO plugin v23.0 - https:\/\/yoast.com\/wordpress\/plugins\/seo\/ -->\n<title>Pista Polo, white - Humbleton<\/title>\n<meta name=\"robots\" content=\"index, follow, max-snippet:-1, max-image-preview:large, max-video-preview:-1\" \/>\n<link rel=\"canonical\" href=\"https:\/\/www.humbleton.com\/en\/produkt\/pista-polo-vit-2\/\" \/>\n<meta property=\"og:locale\" content=\"en_US\" \/>\n<meta property=\"og:type\" content=\"article\" \/>\n<meta property=\"og:title\" content=\"Pista Polo, white - Humbleton\" \/>\n<meta property=\"og:description\" content=\"A well-made padel pique in our quick-drying performance fabric. In a classic pique, you&#039;ll feel like a winner on the course, next to it and on the way there. Classic look with bold details.  Ribbed collar and cuffs in contrasting colour  Slits for increased comfort  Fabric: Quickdry PX Jersey\" \/>\n<meta property=\"og:url\" content=\"https:\/\/www.humbleton.com\/en\/produkt\/pista-polo-vit-2\/\" \/>\n<meta property=\"og:site_name\" content=\"Humbleton\" \/>\n<meta property=\"article:modified_time\" content=\"2025-07-21T20:03:28+00:00\" \/>\n<meta property=\"og:image\" content=\"https:\/\/d2s6u5ou25bdxh.cloudfront.net\/wp-content\/uploads\/2021\/12\/M0000003WHT-1.jpg\" \/>\n\t<meta property=\"og:image:width\" content=\"1728\" \/>\n\t<meta property=\"og:image:height\" content=\"2160\" \/>\n\t<meta property=\"og:image:type\" content=\"image\/jpeg\" \/>\n<meta name=\"twitter:card\" content=\"summary_large_image\" \/>\n<script type=\"application\/ld+json\" class=\"yoast-schema-graph\">{\"@context\":\"https:\/\/schema.org\",\"@graph\":[{\"@type\":\"WebPage\",\"@id\":\"https:\/\/www.humbleton.com\/en\/produkt\/pista-polo-vit-2\/\",\"url\":\"https:\/\/www.humbleton.com\/en\/produkt\/pista-polo-vit-2\/\",\"name\":\"Pista Polo, white - Humbleton\",\"isPartOf\":{\"@id\":\"https:\/\/www.humbleton.com\/en\/#website\"},\"primaryImageOfPage\":{\"@id\":\"https:\/\/www.humbleton.com\/en\/produkt\/pista-polo-vit-2\/#primaryimage\"},\"image\":{\"@id\":\"https:\/\/www.humbleton.com\/en\/produkt\/pista-polo-vit-2\/#primaryimage\"},\"thumbnailUrl\":\"https:\/\/d2s6u5ou25bdxh.cloudfront.net\/wp-content\/uploads\/2021\/12\/M0000003WHT-1.jpg\",\"datePublished\":\"2022-08-24T11:26:54+00:00\",\"dateModified\":\"2025-07-21T20:03:28+00:00\",\"breadcrumb\":{\"@id\":\"https:\/\/www.humbleton.com\/en\/produkt\/pista-polo-vit-2\/#breadcrumb\"},\"inLanguage\":\"en-US\",\"potentialAction\":[{\"@type\":\"ReadAction\",\"target\":[\"https:\/\/www.humbleton.com\/en\/produkt\/pista-polo-vit-2\/\"]}]},{\"@type\":\"ImageObject\",\"inLanguage\":\"en-US\",\"@id\":\"https:\/\/www.humbleton.com\/en\/produkt\/pista-polo-vit-2\/#primaryimage\",\"url\":\"https:\/\/d2s6u5ou25bdxh.cloudfront.net\/wp-content\/uploads\/2021\/12\/M0000003WHT-1.jpg\",\"contentUrl\":\"https:\/\/d2s6u5ou25bdxh.cloudfront.net\/wp-content\/uploads\/2021\/12\/M0000003WHT-1.jpg\",\"width\":1728,\"height\":2160,\"caption\":\"Vit pik\u00e9tr\u00f6ja med svart kontrastkrage f\u00f6r tr\u00e4ning\"},{\"@type\":\"BreadcrumbList\",\"@id\":\"https:\/\/www.humbleton.com\/en\/produkt\/pista-polo-vit-2\/#breadcrumb\",\"itemListElement\":[{\"@type\":\"ListItem\",\"position\":1,\"name\":\"Hem\",\"item\":\"https:\/\/www.humbleton.com\/en\/\"},{\"@type\":\"ListItem\",\"position\":2,\"name\":\"Shop\",\"item\":\"https:\/\/www.humbleton.com\/en\/shop\/\"},{\"@type\":\"ListItem\",\"position\":3,\"name\":\"Men\",\"item\":\"https:\/\/www.humbleton.com\/en\/products\/padel-clothes-men\/\"},{\"@type\":\"ListItem\",\"position\":4,\"name\":\"Polo &amp; Henley\",\"item\":\"https:\/\/www.humbleton.com\/en\/products\/padel-clothes-men\/padelpolo-padelhenley\/\"},{\"@type\":\"ListItem\",\"position\":5,\"name\":\"Pista Polo, white\"}]},{\"@type\":\"WebSite\",\"@id\":\"https:\/\/www.humbleton.com\/en\/#website\",\"url\":\"https:\/\/www.humbleton.com\/en\/\",\"name\":\"Humbleton\",\"description\":\"Humbleton, Performance &amp; Activewear\",\"potentialAction\":[{\"@type\":\"SearchAction\",\"target\":{\"@type\":\"EntryPoint\",\"urlTemplate\":\"https:\/\/www.humbleton.com\/en\/?s={search_term_string}\"},\"query-input\":\"required name=search_term_string\"}],\"inLanguage\":\"en-US\"}]}<\/script>\n<!-- \/ Yoast SEO plugin. -->","yoast_head_json":{"title":"Pista Polo, white - Humbleton","robots":{"index":"index","follow":"follow","max-snippet":"max-snippet:-1","max-image-preview":"max-image-preview:large","max-video-preview":"max-video-preview:-1"},"canonical":"https:\/\/www.humbleton.com\/en\/produkt\/pista-polo-vit-2\/","og_locale":"en_US","og_type":"article","og_title":"Pista Polo, white - Humbleton","og_description":"A well-made padel pique in our quick-drying performance fabric. In a classic pique, you'll feel like a winner on the course, next to it and on the way there. Classic look with bold details.  Ribbed collar and cuffs in contrasting colour  Slits for increased comfort  Fabric: Quickdry PX Jersey","og_url":"https:\/\/www.humbleton.com\/en\/produkt\/pista-polo-vit-2\/","og_site_name":"Humbleton","article_modified_time":"2025-07-21T20:03:28+00:00","og_image":[{"width":1728,"height":2160,"url":"https:\/\/d2s6u5ou25bdxh.cloudfront.net\/wp-content\/uploads\/2021\/12\/M0000003WHT-1.jpg","type":"image\/jpeg"}],"twitter_card":"summary_large_image","schema":{"@context":"https:\/\/schema.org","@graph":[{"@type":"WebPage","@id":"https:\/\/www.humbleton.com\/en\/produkt\/pista-polo-vit-2\/","url":"https:\/\/www.humbleton.com\/en\/produkt\/pista-polo-vit-2\/","name":"Pista Polo, white - Humbleton","isPartOf":{"@id":"https:\/\/www.humbleton.com\/en\/#website"},"primaryImageOfPage":{"@id":"https:\/\/www.humbleton.com\/en\/produkt\/pista-polo-vit-2\/#primaryimage"},"image":{"@id":"https:\/\/www.humbleton.com\/en\/produkt\/pista-polo-vit-2\/#primaryimage"},"thumbnailUrl":"https:\/\/d2s6u5ou25bdxh.cloudfront.net\/wp-content\/uploads\/2021\/12\/M0000003WHT-1.jpg","datePublished":"2022-08-24T11:26:54+00:00","dateModified":"2025-07-21T20:03:28+00:00","breadcrumb":{"@id":"https:\/\/www.humbleton.com\/en\/produkt\/pista-polo-vit-2\/#breadcrumb"},"inLanguage":"en-US","potentialAction":[{"@type":"ReadAction","target":["https:\/\/www.humbleton.com\/en\/produkt\/pista-polo-vit-2\/"]}]},{"@type":"ImageObject","inLanguage":"en-US","@id":"https:\/\/www.humbleton.com\/en\/produkt\/pista-polo-vit-2\/#primaryimage","url":"https:\/\/d2s6u5ou25bdxh.cloudfront.net\/wp-content\/uploads\/2021\/12\/M0000003WHT-1.jpg","contentUrl":"https:\/\/d2s6u5ou25bdxh.cloudfront.net\/wp-content\/uploads\/2021\/12\/M0000003WHT-1.jpg","width":1728,"height":2160,"caption":"Vit pik\u00e9tr\u00f6ja med svart kontrastkrage f\u00f6r tr\u00e4ning"},{"@type":"BreadcrumbList","@id":"https:\/\/www.humbleton.com\/en\/produkt\/pista-polo-vit-2\/#breadcrumb","itemListElement":[{"@type":"ListItem","position":1,"name":"Hem","item":"https:\/\/www.humbleton.com\/en\/"},{"@type":"ListItem","position":2,"name":"Shop","item":"https:\/\/www.humbleton.com\/en\/shop\/"},{"@type":"ListItem","position":3,"name":"Men","item":"https:\/\/www.humbleton.com\/en\/products\/padel-clothes-men\/"},{"@type":"ListItem","position":4,"name":"Polo &amp; Henley","item":"https:\/\/www.humbleton.com\/en\/products\/padel-clothes-men\/padelpolo-padelhenley\/"},{"@type":"ListItem","position":5,"name":"Pista Polo, white"}]},{"@type":"WebSite","@id":"https:\/\/www.humbleton.com\/en\/#website","url":"https:\/\/www.humbleton.com\/en\/","name":"Humbleton","description":"Humbleton, Performance &amp; Activewear","potentialAction":[{"@type":"SearchAction","target":{"@type":"EntryPoint","urlTemplate":"https:\/\/www.humbleton.com\/en\/?s={search_term_string}"},"query-input":"required name=search_term_string"}],"inLanguage":"en-US"}]}},"_links":{"self":[{"href":"https:\/\/www.humbleton.com\/en\/wp-json\/wp\/v2\/product\/8366"}],"collection":[{"href":"https:\/\/www.humbleton.com\/en\/wp-json\/wp\/v2\/product"}],"about":[{"href":"https:\/\/www.humbleton.com\/en\/wp-json\/wp\/v2\/types\/product"}],"wp:featuredmedia":[{"embeddable":true,"href":"https:\/\/www.humbleton.com\/en\/wp-json\/wp\/v2\/media\/10245"}],"wp:attachment":[{"href":"https:\/\/www.humbleton.com\/en\/wp-json\/wp\/v2\/media?parent=8366"}],"wp:term":[{"taxonomy":"product_cat","embeddable":true,"href":"https:\/\/www.humbleton.com\/en\/wp-json\/wp\/v2\/product_cat?post=8366"},{"taxonomy":"product_tag","embeddable":true,"href":"https:\/\/www.humbleton.com\/en\/wp-json\/wp\/v2\/product_tag?post=8366"}],"curies":[{"name":"wp","href":"https:\/\/api.w.org\/{rel}","templated":true}]}}