{"id":8420,"date":"2021-11-23T14:20:07","date_gmt":"2022-08-24T11:38:23","guid":{"rendered":"https:\/\/www.humbleton.com\/produkt\/zoey-zip-l-s\/"},"modified":"2025-07-21T22:03:29","modified_gmt":"2025-07-21T20:03:29","slug":"zoey-zip-l-s-2","status":"publish","type":"product","link":"https:\/\/www.humbleton.com\/en\/produkt\/zoey-zip-l-s-2\/","title":{"rendered":"Zoey Zip L\/S"},"content":{"rendered":"<h3>Product benefits<\/h3>\n<ul>\n<li>Quick-drying functional fabric with lightly brushed (soft) interior<\/li>\n<li>Contrast details at neckline and sleeve ends<\/li>\n<li>Molded badge with H-logo to open\/close the zipper<\/li>\n<\/ul>\n<h3>Information<\/h3>\n<ul>\n<li>Fabric: 88% polyester, 12% elastane<\/li>\n<li>Machine wash at 30c<\/li>\n<li>Designed in Sweden, produced in Turkey<\/li>\n<li>Colours: Black with white details<\/li>\n<\/ul>\n","protected":false},"excerpt":{"rendered":"<p>Zoey Zip is our long-sleeved padel jersey in functional fabric that can be used as a warm-up jersey but also during training and matches when the temperature is lower. A well-made model with exclusive details and half zip on the chest.<\/p>\n<ul>\n<li>Soft functional material with lightly brushed inside<\/li>\n<li>Exclusive details<\/li>\n<li>Quick-drying functional material <a href=\"#popup=soft-px-poly\">Soft PX Poly<\/a><\/li>\n<\/ul>\n","protected":false},"featured_media":9581,"template":"","meta":{"_acf_changed":false,"inline_featured_image":false},"product_cat":[207,218],"product_tag":[],"acf":[],"yoast_head":"<!-- This site is optimized with the Yoast SEO plugin v23.0 - https:\/\/yoast.com\/wordpress\/plugins\/seo\/ -->\n<title>Zoey Zip L\/S - Humbleton<\/title>\n<meta name=\"robots\" content=\"index, follow, max-snippet:-1, max-image-preview:large, max-video-preview:-1\" \/>\n<link rel=\"canonical\" href=\"https:\/\/www.humbleton.com\/en\/produkt\/zoey-zip-l-s-2\/\" \/>\n<meta property=\"og:locale\" content=\"en_US\" \/>\n<meta property=\"og:type\" content=\"article\" \/>\n<meta property=\"og:title\" content=\"Zoey Zip L\/S - Humbleton\" \/>\n<meta property=\"og:description\" content=\"Zoey Zip is our long-sleeved padel jersey in functional fabric that can be used as a warm-up jersey but also during training and matches when the temperature is lower. A well-made model with exclusive details and half zip on the chest.  Soft functional material with lightly brushed inside  Exclusive details  Quick-drying functional material Soft PX Poly\" \/>\n<meta property=\"og:url\" content=\"https:\/\/www.humbleton.com\/en\/produkt\/zoey-zip-l-s-2\/\" \/>\n<meta property=\"og:site_name\" content=\"Humbleton\" \/>\n<meta property=\"article:modified_time\" content=\"2025-07-21T20:03:29+00:00\" \/>\n<meta property=\"og:image\" content=\"https:\/\/d2s6u5ou25bdxh.cloudfront.net\/wp-content\/uploads\/2021\/11\/W0000008BLK-1.jpg\" \/>\n\t<meta property=\"og:image:width\" content=\"1728\" \/>\n\t<meta property=\"og:image:height\" content=\"2160\" \/>\n\t<meta property=\"og:image:type\" content=\"image\/jpeg\" \/>\n<meta name=\"twitter:card\" content=\"summary_large_image\" \/>\n<script type=\"application\/ld+json\" class=\"yoast-schema-graph\">{\"@context\":\"https:\/\/schema.org\",\"@graph\":[{\"@type\":\"WebPage\",\"@id\":\"https:\/\/www.humbleton.com\/en\/produkt\/zoey-zip-l-s-2\/\",\"url\":\"https:\/\/www.humbleton.com\/en\/produkt\/zoey-zip-l-s-2\/\",\"name\":\"Zoey Zip L\/S - Humbleton\",\"isPartOf\":{\"@id\":\"https:\/\/www.humbleton.com\/en\/#website\"},\"primaryImageOfPage\":{\"@id\":\"https:\/\/www.humbleton.com\/en\/produkt\/zoey-zip-l-s-2\/#primaryimage\"},\"image\":{\"@id\":\"https:\/\/www.humbleton.com\/en\/produkt\/zoey-zip-l-s-2\/#primaryimage\"},\"thumbnailUrl\":\"https:\/\/d2s6u5ou25bdxh.cloudfront.net\/wp-content\/uploads\/2021\/11\/W0000008BLK-1.jpg\",\"datePublished\":\"2022-08-24T11:38:23+00:00\",\"dateModified\":\"2025-07-21T20:03:29+00:00\",\"breadcrumb\":{\"@id\":\"https:\/\/www.humbleton.com\/en\/produkt\/zoey-zip-l-s-2\/#breadcrumb\"},\"inLanguage\":\"en-US\",\"potentialAction\":[{\"@type\":\"ReadAction\",\"target\":[\"https:\/\/www.humbleton.com\/en\/produkt\/zoey-zip-l-s-2\/\"]}]},{\"@type\":\"ImageObject\",\"inLanguage\":\"en-US\",\"@id\":\"https:\/\/www.humbleton.com\/en\/produkt\/zoey-zip-l-s-2\/#primaryimage\",\"url\":\"https:\/\/d2s6u5ou25bdxh.cloudfront.net\/wp-content\/uploads\/2021\/11\/W0000008BLK-1.jpg\",\"contentUrl\":\"https:\/\/d2s6u5ou25bdxh.cloudfront.net\/wp-content\/uploads\/2021\/11\/W0000008BLK-1.jpg\",\"width\":1728,\"height\":2160,\"caption\":\"Svart l\u00e5ng\u00e4rmad tr\u00f6ja med zip krage\"},{\"@type\":\"BreadcrumbList\",\"@id\":\"https:\/\/www.humbleton.com\/en\/produkt\/zoey-zip-l-s-2\/#breadcrumb\",\"itemListElement\":[{\"@type\":\"ListItem\",\"position\":1,\"name\":\"Hem\",\"item\":\"https:\/\/www.humbleton.com\/en\/\"},{\"@type\":\"ListItem\",\"position\":2,\"name\":\"Shop\",\"item\":\"https:\/\/www.humbleton.com\/en\/shop\/\"},{\"@type\":\"ListItem\",\"position\":3,\"name\":\"Women\",\"item\":\"https:\/\/www.humbleton.com\/en\/products\/padel-clothing-women\/\"},{\"@type\":\"ListItem\",\"position\":4,\"name\":\"T-shirt &amp; Polo shirt\",\"item\":\"https:\/\/www.humbleton.com\/en\/products\/padel-clothing-women\/lady-t-shirt-polo-shirt\/\"},{\"@type\":\"ListItem\",\"position\":5,\"name\":\"Zoey Zip L\/S\"}]},{\"@type\":\"WebSite\",\"@id\":\"https:\/\/www.humbleton.com\/en\/#website\",\"url\":\"https:\/\/www.humbleton.com\/en\/\",\"name\":\"Humbleton\",\"description\":\"Humbleton, Performance &amp; Activewear\",\"potentialAction\":[{\"@type\":\"SearchAction\",\"target\":{\"@type\":\"EntryPoint\",\"urlTemplate\":\"https:\/\/www.humbleton.com\/en\/?s={search_term_string}\"},\"query-input\":\"required name=search_term_string\"}],\"inLanguage\":\"en-US\"}]}<\/script>\n<!-- \/ Yoast SEO plugin. -->","yoast_head_json":{"title":"Zoey Zip L\/S - Humbleton","robots":{"index":"index","follow":"follow","max-snippet":"max-snippet:-1","max-image-preview":"max-image-preview:large","max-video-preview":"max-video-preview:-1"},"canonical":"https:\/\/www.humbleton.com\/en\/produkt\/zoey-zip-l-s-2\/","og_locale":"en_US","og_type":"article","og_title":"Zoey Zip L\/S - Humbleton","og_description":"Zoey Zip is our long-sleeved padel jersey in functional fabric that can be used as a warm-up jersey but also during training and matches when the temperature is lower. A well-made model with exclusive details and half zip on the chest.  Soft functional material with lightly brushed inside  Exclusive details  Quick-drying functional material Soft PX Poly","og_url":"https:\/\/www.humbleton.com\/en\/produkt\/zoey-zip-l-s-2\/","og_site_name":"Humbleton","article_modified_time":"2025-07-21T20:03:29+00:00","og_image":[{"width":1728,"height":2160,"url":"https:\/\/d2s6u5ou25bdxh.cloudfront.net\/wp-content\/uploads\/2021\/11\/W0000008BLK-1.jpg","type":"image\/jpeg"}],"twitter_card":"summary_large_image","schema":{"@context":"https:\/\/schema.org","@graph":[{"@type":"WebPage","@id":"https:\/\/www.humbleton.com\/en\/produkt\/zoey-zip-l-s-2\/","url":"https:\/\/www.humbleton.com\/en\/produkt\/zoey-zip-l-s-2\/","name":"Zoey Zip L\/S - Humbleton","isPartOf":{"@id":"https:\/\/www.humbleton.com\/en\/#website"},"primaryImageOfPage":{"@id":"https:\/\/www.humbleton.com\/en\/produkt\/zoey-zip-l-s-2\/#primaryimage"},"image":{"@id":"https:\/\/www.humbleton.com\/en\/produkt\/zoey-zip-l-s-2\/#primaryimage"},"thumbnailUrl":"https:\/\/d2s6u5ou25bdxh.cloudfront.net\/wp-content\/uploads\/2021\/11\/W0000008BLK-1.jpg","datePublished":"2022-08-24T11:38:23+00:00","dateModified":"2025-07-21T20:03:29+00:00","breadcrumb":{"@id":"https:\/\/www.humbleton.com\/en\/produkt\/zoey-zip-l-s-2\/#breadcrumb"},"inLanguage":"en-US","potentialAction":[{"@type":"ReadAction","target":["https:\/\/www.humbleton.com\/en\/produkt\/zoey-zip-l-s-2\/"]}]},{"@type":"ImageObject","inLanguage":"en-US","@id":"https:\/\/www.humbleton.com\/en\/produkt\/zoey-zip-l-s-2\/#primaryimage","url":"https:\/\/d2s6u5ou25bdxh.cloudfront.net\/wp-content\/uploads\/2021\/11\/W0000008BLK-1.jpg","contentUrl":"https:\/\/d2s6u5ou25bdxh.cloudfront.net\/wp-content\/uploads\/2021\/11\/W0000008BLK-1.jpg","width":1728,"height":2160,"caption":"Svart l\u00e5ng\u00e4rmad tr\u00f6ja med zip krage"},{"@type":"BreadcrumbList","@id":"https:\/\/www.humbleton.com\/en\/produkt\/zoey-zip-l-s-2\/#breadcrumb","itemListElement":[{"@type":"ListItem","position":1,"name":"Hem","item":"https:\/\/www.humbleton.com\/en\/"},{"@type":"ListItem","position":2,"name":"Shop","item":"https:\/\/www.humbleton.com\/en\/shop\/"},{"@type":"ListItem","position":3,"name":"Women","item":"https:\/\/www.humbleton.com\/en\/products\/padel-clothing-women\/"},{"@type":"ListItem","position":4,"name":"T-shirt &amp; Polo shirt","item":"https:\/\/www.humbleton.com\/en\/products\/padel-clothing-women\/lady-t-shirt-polo-shirt\/"},{"@type":"ListItem","position":5,"name":"Zoey Zip L\/S"}]},{"@type":"WebSite","@id":"https:\/\/www.humbleton.com\/en\/#website","url":"https:\/\/www.humbleton.com\/en\/","name":"Humbleton","description":"Humbleton, Performance &amp; Activewear","potentialAction":[{"@type":"SearchAction","target":{"@type":"EntryPoint","urlTemplate":"https:\/\/www.humbleton.com\/en\/?s={search_term_string}"},"query-input":"required name=search_term_string"}],"inLanguage":"en-US"}]}},"_links":{"self":[{"href":"https:\/\/www.humbleton.com\/en\/wp-json\/wp\/v2\/product\/8420"}],"collection":[{"href":"https:\/\/www.humbleton.com\/en\/wp-json\/wp\/v2\/product"}],"about":[{"href":"https:\/\/www.humbleton.com\/en\/wp-json\/wp\/v2\/types\/product"}],"wp:featuredmedia":[{"embeddable":true,"href":"https:\/\/www.humbleton.com\/en\/wp-json\/wp\/v2\/media\/9581"}],"wp:attachment":[{"href":"https:\/\/www.humbleton.com\/en\/wp-json\/wp\/v2\/media?parent=8420"}],"wp:term":[{"taxonomy":"product_cat","embeddable":true,"href":"https:\/\/www.humbleton.com\/en\/wp-json\/wp\/v2\/product_cat?post=8420"},{"taxonomy":"product_tag","embeddable":true,"href":"https:\/\/www.humbleton.com\/en\/wp-json\/wp\/v2\/product_tag?post=8420"}],"curies":[{"name":"wp","href":"https:\/\/api.w.org\/{rel}","templated":true}]}}